{"id":1935,"date":"2023-10-04T16:53:50","date_gmt":"2023-10-04T16:53:50","guid":{"rendered":"https:\/\/hanzekdeliclaw.com\/?page_id=1935"},"modified":"2023-12-05T19:22:50","modified_gmt":"2023-12-05T19:22:50","slug":"real-estate-construction","status":"publish","type":"page","link":"https:\/\/hanzekdeliclaw.com\/sr\/real-estate-construction\/","title":{"rendered":"Real Estate &#038; Construction"},"content":{"rendered":"<div data-elementor-type=\"wp-page\" data-elementor-id=\"1935\" class=\"elementor elementor-1935\">\n\t\t\t\t\t\t<section class=\"elementor-section elementor-top-section elementor-element elementor-element-3441189 elementor-section-height-min-height elementor-section-boxed elementor-section-height-default elementor-section-items-middle wpr-particle-no wpr-jarallax-no wpr-parallax-no wpr-sticky-section-no wpr-equal-height-no\" data-id=\"3441189\" data-element_type=\"section\" data-settings=\"{&quot;background_background&quot;:&quot;classic&quot;}\">\n\t\t\t\t\t\t\t<div class=\"elementor-background-overlay\"><\/div>\n\t\t\t\t\t\t\t<div class=\"elementor-container elementor-column-gap-no\">\n\t\t\t\t\t<div class=\"elementor-column elementor-col-100 elementor-top-column elementor-element elementor-element-6c92fa4\" data-id=\"6c92fa4\" data-element_type=\"column\">\n\t\t\t<div class=\"elementor-widget-wrap elementor-element-populated\">\n\t\t\t\t\t\t<div class=\"elementor-element elementor-element-fed7674 elementor-widget-divider--view-line elementor-widget elementor-widget-divider\" data-id=\"fed7674\" data-element_type=\"widget\" data-widget_type=\"divider.default\">\n\t\t\t\t<div class=\"elementor-widget-container\">\n\t\t\t\t\t\t\t<div class=\"elementor-divider\">\n\t\t\t<span class=\"elementor-divider-separator\">\n\t\t\t\t\t\t<\/span>\n\t\t<\/div>\n\t\t\t\t\t\t<\/div>\n\t\t\t\t<\/div>\n\t\t\t\t<div class=\"elementor-element elementor-element-5f4ca79 elementor-widget elementor-widget-heading\" data-id=\"5f4ca79\" data-element_type=\"widget\" data-widget_type=\"heading.default\">\n\t\t\t\t<div class=\"elementor-widget-container\">\n\t\t\t\t\t<h1 class=\"elementor-heading-title elementor-size-default\">Nekretnine i gra\u0111evina<\/h1>\t\t\t\t<\/div>\n\t\t\t\t<\/div>\n\t\t\t\t\t<\/div>\n\t\t<\/div>\n\t\t\t\t\t<\/div>\n\t\t<\/section>\n\t\t\t\t<section class=\"elementor-section elementor-top-section elementor-element elementor-element-7f5e9d7 elementor-section-content-middle elementor-section-boxed elementor-section-height-default elementor-section-height-default wpr-particle-no wpr-jarallax-no wpr-parallax-no wpr-sticky-section-no wpr-equal-height-no\" data-id=\"7f5e9d7\" data-element_type=\"section\" data-settings=\"{&quot;background_background&quot;:&quot;classic&quot;}\">\n\t\t\t\t\t\t<div class=\"elementor-container elementor-column-gap-no\">\n\t\t\t\t\t<div class=\"elementor-column elementor-col-50 elementor-top-column elementor-element elementor-element-6d2f1b1\" data-id=\"6d2f1b1\" data-element_type=\"column\">\n\t\t\t<div class=\"elementor-widget-wrap elementor-element-populated\">\n\t\t\t\t\t\t<div class=\"elementor-element elementor-element-89e5ab3 elementor-widget-divider--view-line elementor-widget elementor-widget-divider\" data-id=\"89e5ab3\" data-element_type=\"widget\" data-widget_type=\"divider.default\">\n\t\t\t\t<div class=\"elementor-widget-container\">\n\t\t\t\t\t\t\t<div class=\"elementor-divider\">\n\t\t\t<span class=\"elementor-divider-separator\">\n\t\t\t\t\t\t<\/span>\n\t\t<\/div>\n\t\t\t\t\t\t<\/div>\n\t\t\t\t<\/div>\n\t\t\t\t<div class=\"elementor-element elementor-element-8c9c92d elementor-widget elementor-widget-text-editor\" data-id=\"8c9c92d\" data-element_type=\"widget\" data-widget_type=\"text-editor.default\">\n\t\t\t\t<div class=\"elementor-widget-container\">\n\t\t\t\t\t\t\t\t\t<p>Na\u0161a specijalizovana praksa posvec\u0301ena je zadovoljenju kompleksnih i evoluirajuc\u0301ih pravnih potreba klijenata unutar ovih dinami\u010dnih industrija. Sa dubokim razumevanjem slo\u017eenosti koje proisti\u010du iz transakcija, spremni smo da vam pru\u017eimo sveobuhvatnu pravnu podr\u0161ku kako biste osigurali svoj uspeh.<\/p>\t\t\t\t\t\t\t\t<\/div>\n\t\t\t\t<\/div>\n\t\t\t\t<div class=\"elementor-element elementor-element-f28683e elementor-widget elementor-widget-button\" data-id=\"f28683e\" data-element_type=\"widget\" data-widget_type=\"button.default\">\n\t\t\t\t<div class=\"elementor-widget-container\">\n\t\t\t\t\t\t\t\t\t<div class=\"elementor-button-wrapper\">\n\t\t\t\t\t<a class=\"elementor-button elementor-button-link elementor-size-sm\" href=\"https:\/\/hanzekdeliclaw.com\/sr\/contact\/\">\n\t\t\t\t\t\t<span class=\"elementor-button-content-wrapper\">\n\t\t\t\t\t\t\t\t\t<span class=\"elementor-button-text\">zapo\u010dnite<\/span>\n\t\t\t\t\t<\/span>\n\t\t\t\t\t<\/a>\n\t\t\t\t<\/div>\n\t\t\t\t\t\t\t\t<\/div>\n\t\t\t\t<\/div>\n\t\t\t\t\t<\/div>\n\t\t<\/div>\n\t\t\t\t<div class=\"elementor-column elementor-col-50 elementor-top-column elementor-element elementor-element-8f02d5e\" data-id=\"8f02d5e\" data-element_type=\"column\">\n\t\t\t<div class=\"elementor-widget-wrap elementor-element-populated\">\n\t\t\t\t\t\t<div class=\"elementor-element elementor-element-6f780a2 elementor-widget elementor-widget-image\" data-id=\"6f780a2\" data-element_type=\"widget\" data-widget_type=\"image.default\">\n\t\t\t\t<div class=\"elementor-widget-container\">\n\t\t\t\t\t\t\t\t\t\t\t\t\t\t\t<img fetchpriority=\"high\" decoding=\"async\" width=\"2560\" height=\"1710\" src=\"https:\/\/hanzekdeliclaw.com\/wp-content\/uploads\/2023\/10\/Construction-scaled.jpg\" class=\"attachment-full size-full wp-image-2358\" alt=\"\" srcset=\"https:\/\/hanzekdeliclaw.com\/wp-content\/uploads\/2023\/10\/Construction-scaled.jpg 2560w, https:\/\/hanzekdeliclaw.com\/wp-content\/uploads\/2023\/10\/Construction-300x200.jpg 300w, https:\/\/hanzekdeliclaw.com\/wp-content\/uploads\/2023\/10\/Construction-1024x684.jpg 1024w, https:\/\/hanzekdeliclaw.com\/wp-content\/uploads\/2023\/10\/Construction-768x513.jpg 768w, https:\/\/hanzekdeliclaw.com\/wp-content\/uploads\/2023\/10\/Construction-1536x1026.jpg 1536w, https:\/\/hanzekdeliclaw.com\/wp-content\/uploads\/2023\/10\/Construction-2048x1368.jpg 2048w\" sizes=\"(max-width: 2560px) 100vw, 2560px\" \/>\t\t\t\t\t\t\t\t\t\t\t\t\t\t\t<\/div>\n\t\t\t\t<\/div>\n\t\t\t\t\t<\/div>\n\t\t<\/div>\n\t\t\t\t\t<\/div>\n\t\t<\/section>\n\t\t\t\t<section class=\"elementor-section elementor-top-section elementor-element elementor-element-c5b72d4 elementor-section-boxed elementor-section-height-default elementor-section-height-default wpr-particle-no wpr-jarallax-no wpr-parallax-no wpr-sticky-section-no wpr-equal-height-no\" data-id=\"c5b72d4\" data-element_type=\"section\" data-settings=\"{&quot;background_background&quot;:&quot;classic&quot;}\">\n\t\t\t\t\t\t<div class=\"elementor-container elementor-column-gap-no\">\n\t\t\t\t\t<div class=\"elementor-column elementor-col-100 elementor-top-column elementor-element elementor-element-293287c\" data-id=\"293287c\" data-element_type=\"column\">\n\t\t\t<div class=\"elementor-widget-wrap elementor-element-populated\">\n\t\t\t\t\t\t<div class=\"elementor-element elementor-element-28e5258 elementor-widget-divider--view-line elementor-widget elementor-widget-divider\" data-id=\"28e5258\" data-element_type=\"widget\" data-widget_type=\"divider.default\">\n\t\t\t\t<div class=\"elementor-widget-container\">\n\t\t\t\t\t\t\t<div class=\"elementor-divider\">\n\t\t\t<span class=\"elementor-divider-separator\">\n\t\t\t\t\t\t<\/span>\n\t\t<\/div>\n\t\t\t\t\t\t<\/div>\n\t\t\t\t<\/div>\n\t\t\t\t<div class=\"elementor-element elementor-element-702bd4e elementor-widget elementor-widget-text-editor\" data-id=\"702bd4e\" data-element_type=\"widget\" data-widget_type=\"text-editor.default\">\n\t\t\t\t<div class=\"elementor-widget-container\">\n\t\t\t\t\t\t\t\t\t<p>Na\u0161i iskusni advokati donose bogatstvo znanja i iskustva, nudec\u0301i \u0161irok spektar pravnih usluga prilago\u0111enih specifi\u010dnim sektorima nekretnina i gra\u0111evine:<\/p><p><strong>Transakcije sa nekretninama:<\/strong> Odli\u010dni smo u olak\u0161avanju pravnih transakcija nekretninama, uklju\u010dujuc\u0301i prodaju, kupovinu i finansiranje. Na\u0161 cilj je za\u0161tita va\u0161ih interesa uz minimiziranje rizika.<\/p><p><strong>Razvoj i zoniranje:<\/strong> Navigacija kroz slo\u017eene regulative o zoniranju i procesu razvoja zemlji\u0161ta mo\u017ee biti izazovna. Na\u0161 pravni tim poma\u017ee u dobijanju neophodnih dozvola i odobrenja kako bi se va\u0161i projekti ostvarili.<\/p><p><strong>Gra\u0111evinski ugovori:<\/strong> Vr\u0161imo pregovore, pripremamo i proveravamo  ugovore u gra\u0111evini  kako bismo obezbedili jasnoc\u0301u i pravi\u010dnost, umanjujuc\u0301i potencijalne sporove i ka\u0161njenja na va\u0161im gra\u0111evinskim projektima.<\/p><p><strong>Gra\u0111evinski sporovi:<\/strong> Kada do\u0111e do spora, pru\u017eamo sna\u017eno zastupanje u gra\u0111evinskim sporovima, uklju\u010dujuc\u0301i pitanja kao \u0161to su gra\u0111evinske gre\u0161ke, ka\u0161njenja i sporovi oko plac\u0301anja.<\/p><p><strong>Finansiranje nekretnina:<\/strong> Na\u0161a firma poma\u017ee u obezbe\u0111ivanju finansiranja projekata nekretninama, bilo da se radi o tradicionalnom zadu\u017eivanju, privatnom kapitalu ili inovativnim finansijskim re\u0161enjima.<\/p><p><strong>Kori\u0161c\u0301enje zemlji\u0161ta i za\u0161tita \u017eivotne sredine:<\/strong> Poma\u017eemo klijentima da razumeju i pridr\u017eavaju se propisa o za\u0161titi \u017eivotne sredine i zakona o kori\u0161c\u0301enju zemlji\u0161ta, osiguravajuc\u0301i da su projekti odr\u017eivi i u skladu sa propisima.<\/p><p><strong>Sporovi o nekretninama:<\/strong> U slu\u010dajevima sporova oko nekretnina, na\u0161 pravni tim nudi strate\u0161ka re\u0161enja, uklju\u010dujuc\u0301i sporove oko razgrani\u010denja, tu\u017ebe i druge usluge.<\/p><p><strong>Komercijalno zakupljivanje:<\/strong> Za kompanije  koje tra\u017ee komercijalni prostor, sastavljamo i pregovaramo o komercijalnim ugovorima o zakupu koji \u0161titi va\u0161a prava i interese.<\/p>\t\t\t\t\t\t\t\t<\/div>\n\t\t\t\t<\/div>\n\t\t\t\t\t<\/div>\n\t\t<\/div>\n\t\t\t\t\t<\/div>\n\t\t<\/section>\n\t\t\t\t<\/div>","protected":false},"excerpt":{"rendered":"<p>Real Estate &#038; Construction Our specialized practice is committed to addressing the intricate and evolving legal needs of clients within these dynamic industries. With a deep understanding of the complexities involved in real estate transactions and construction projects, we stand ready to provide you with comprehensive legal support to ensure your success. Get Started Our seasoned attorneys bring a wealth of knowledge and experience to the table, offering a wide array of legal services tailored specifically to the Real Estate and Construction sectors: Real Estate Transactions: We excel in facilitating smooth and legally sound real estate transactions, including property acquisitions, sales, leasing, and financing. Our goal is to protect your interests while minimizing risks. Development and Zoning: Navigating complex zoning regulations and land development processes can be challenging. Our legal team assists in obtaining the necessary permits and approvals to bring your projects to fruition. Construction Contracts: We draft, negotiate, and review construction contracts to ensure clarity and fairness, mitigating potential disputes and delays on your construction projects. Construction Litigation: When disputes arise, we provide vigorous representation in construction-related litigation, including issues like construction defects, delays, and payment disputes. Real Estate Financing: Our firm assists in securing financing for real estate projects, whether it involves traditional lending, private equity, or innovative financing solutions. Land Use and Environmental Compliance: We help clients understand and comply with environmental regulations and land use laws, ensuring projects are sustainable and compliant. Property Disputes: In cases of property disputes, our legal team offers strategic solutions, including boundary disputes, easements, and quiet title actions. Commercial Leasing: For businesses seeking commercial space, we draft and negotiate commercial lease agreements that protect your rights and interests.<\/p>","protected":false},"author":1,"featured_media":0,"parent":0,"menu_order":0,"comment_status":"closed","ping_status":"closed","template":"","meta":{"nf_dc_page":"","site-sidebar-layout":"no-sidebar","site-content-layout":"page-builder","ast-site-content-layout":"full-width-container","site-content-style":"unboxed","site-sidebar-style":"unboxed","ast-global-header-display":"","ast-banner-title-visibility":"","ast-main-header-display":"","ast-hfb-above-header-display":"","ast-hfb-below-header-display":"","ast-hfb-mobile-header-display":"","site-post-title":"disabled","ast-breadcrumbs-content":"disabled","ast-featured-img":"disabled","footer-sml-layout":"","theme-transparent-header-meta":"enabled","adv-header-id-meta":"","stick-header-meta":"","header-above-stick-meta":"","header-main-stick-meta":"","header-below-stick-meta":"","astra-migrate-meta-layouts":"set","ast-page-background-enabled":"default","ast-page-background-meta":{"desktop":{"background-color":"","background-image":"","background-repeat":"repeat","background-position":"center center","background-size":"auto","background-attachment":"scroll","background-type":"","background-media":"","overlay-type":"","overlay-color":"","overlay-opacity":"","overlay-gradient":""},"tablet":{"background-color":"","background-image":"","background-repeat":"repeat","background-position":"center center","background-size":"auto","background-attachment":"scroll","background-type":"","background-media":"","overlay-type":"","overlay-color":"","overlay-opacity":"","overlay-gradient":""},"mobile":{"background-color":"","background-image":"","background-repeat":"repeat","background-position":"center center","background-size":"auto","background-attachment":"scroll","background-type":"","background-media":"","overlay-type":"","overlay-color":"","overlay-opacity":"","overlay-gradient":""}},"ast-content-background-meta":{"desktop":{"background-color":"var(--ast-global-color-5)","background-image":"","background-repeat":"repeat","background-position":"center center","background-size":"auto","background-attachment":"scroll","background-type":"","background-media":"","overlay-type":"","overlay-color":"","overlay-opacity":"","overlay-gradient":""},"tablet":{"background-color":"var(--ast-global-color-5)","background-image":"","background-repeat":"repeat","background-position":"center center","background-size":"auto","background-attachment":"scroll","background-type":"","background-media":"","overlay-type":"","overlay-color":"","overlay-opacity":"","overlay-gradient":""},"mobile":{"background-color":"var(--ast-global-color-5)","background-image":"","background-repeat":"repeat","background-position":"center center","background-size":"auto","background-attachment":"scroll","background-type":"","background-media":"","overlay-type":"","overlay-color":"","overlay-opacity":"","overlay-gradient":""}},"_themeisle_gutenberg_block_has_review":false,"footnotes":""},"class_list":["post-1935","page","type-page","status-publish","hentry"],"_links":{"self":[{"href":"https:\/\/hanzekdeliclaw.com\/sr\/wp-json\/wp\/v2\/pages\/1935","targetHints":{"allow":["GET"]}}],"collection":[{"href":"https:\/\/hanzekdeliclaw.com\/sr\/wp-json\/wp\/v2\/pages"}],"about":[{"href":"https:\/\/hanzekdeliclaw.com\/sr\/wp-json\/wp\/v2\/types\/page"}],"author":[{"embeddable":true,"href":"https:\/\/hanzekdeliclaw.com\/sr\/wp-json\/wp\/v2\/users\/1"}],"replies":[{"embeddable":true,"href":"https:\/\/hanzekdeliclaw.com\/sr\/wp-json\/wp\/v2\/comments?post=1935"}],"version-history":[{"count":5,"href":"https:\/\/hanzekdeliclaw.com\/sr\/wp-json\/wp\/v2\/pages\/1935\/revisions"}],"predecessor-version":[{"id":2437,"href":"https:\/\/hanzekdeliclaw.com\/sr\/wp-json\/wp\/v2\/pages\/1935\/revisions\/2437"}],"wp:attachment":[{"href":"https:\/\/hanzekdeliclaw.com\/sr\/wp-json\/wp\/v2\/media?parent=1935"}],"curies":[{"name":"wp","href":"https:\/\/api.w.org\/{rel}","templated":true}]}}