{"id":2013,"date":"2023-10-04T17:25:47","date_gmt":"2023-10-04T17:25:47","guid":{"rendered":"https:\/\/hanzekdeliclaw.com\/?page_id=2013"},"modified":"2023-10-04T17:32:14","modified_gmt":"2023-10-04T17:32:14","slug":"energy-infrastructure","status":"publish","type":"page","link":"https:\/\/hanzekdeliclaw.com\/sr\/energy-infrastructure\/","title":{"rendered":"Energy &#038; Infrastructure"},"content":{"rendered":"<div data-elementor-type=\"wp-page\" data-elementor-id=\"2013\" class=\"elementor elementor-2013\">\n\t\t\t\t\t\t<section class=\"elementor-section elementor-top-section elementor-element elementor-element-3441189 elementor-section-height-min-height elementor-section-boxed elementor-section-height-default elementor-section-items-middle wpr-particle-no wpr-jarallax-no wpr-parallax-no wpr-sticky-section-no wpr-equal-height-no\" data-id=\"3441189\" data-element_type=\"section\" data-settings=\"{&quot;background_background&quot;:&quot;classic&quot;}\">\n\t\t\t\t\t\t\t<div class=\"elementor-background-overlay\"><\/div>\n\t\t\t\t\t\t\t<div class=\"elementor-container elementor-column-gap-no\">\n\t\t\t\t\t<div class=\"elementor-column elementor-col-100 elementor-top-column elementor-element elementor-element-6c92fa4\" data-id=\"6c92fa4\" data-element_type=\"column\">\n\t\t\t<div class=\"elementor-widget-wrap elementor-element-populated\">\n\t\t\t\t\t\t<div class=\"elementor-element elementor-element-fed7674 elementor-widget-divider--view-line elementor-widget elementor-widget-divider\" data-id=\"fed7674\" data-element_type=\"widget\" data-widget_type=\"divider.default\">\n\t\t\t\t<div class=\"elementor-widget-container\">\n\t\t\t\t\t\t\t<div class=\"elementor-divider\">\n\t\t\t<span class=\"elementor-divider-separator\">\n\t\t\t\t\t\t<\/span>\n\t\t<\/div>\n\t\t\t\t\t\t<\/div>\n\t\t\t\t<\/div>\n\t\t\t\t<div class=\"elementor-element elementor-element-5f4ca79 elementor-widget elementor-widget-heading\" data-id=\"5f4ca79\" data-element_type=\"widget\" data-widget_type=\"heading.default\">\n\t\t\t\t<div class=\"elementor-widget-container\">\n\t\t\t\t\t<h1 class=\"elementor-heading-title elementor-size-default\">Energy &amp; Infrastructure<\/h1>\t\t\t\t<\/div>\n\t\t\t\t<\/div>\n\t\t\t\t\t<\/div>\n\t\t<\/div>\n\t\t\t\t\t<\/div>\n\t\t<\/section>\n\t\t\t\t<section class=\"elementor-section elementor-top-section elementor-element elementor-element-7f5e9d7 elementor-section-content-middle elementor-section-boxed elementor-section-height-default elementor-section-height-default wpr-particle-no wpr-jarallax-no wpr-parallax-no wpr-sticky-section-no wpr-equal-height-no\" data-id=\"7f5e9d7\" data-element_type=\"section\" data-settings=\"{&quot;background_background&quot;:&quot;classic&quot;}\">\n\t\t\t\t\t\t<div class=\"elementor-container elementor-column-gap-no\">\n\t\t\t\t\t<div class=\"elementor-column elementor-col-50 elementor-top-column elementor-element elementor-element-6d2f1b1\" data-id=\"6d2f1b1\" data-element_type=\"column\">\n\t\t\t<div class=\"elementor-widget-wrap elementor-element-populated\">\n\t\t\t\t\t\t<div class=\"elementor-element elementor-element-89e5ab3 elementor-widget-divider--view-line elementor-widget elementor-widget-divider\" data-id=\"89e5ab3\" data-element_type=\"widget\" data-widget_type=\"divider.default\">\n\t\t\t\t<div class=\"elementor-widget-container\">\n\t\t\t\t\t\t\t<div class=\"elementor-divider\">\n\t\t\t<span class=\"elementor-divider-separator\">\n\t\t\t\t\t\t<\/span>\n\t\t<\/div>\n\t\t\t\t\t\t<\/div>\n\t\t\t\t<\/div>\n\t\t\t\t<div class=\"elementor-element elementor-element-8c9c92d elementor-widget elementor-widget-text-editor\" data-id=\"8c9c92d\" data-element_type=\"widget\" data-widget_type=\"text-editor.default\">\n\t\t\t\t<div class=\"elementor-widget-container\">\n\t\t\t\t\t\t\t\t\t<p>Na\u0161i stru\u010dnjaci imaju ekspertizu u svim klju\u010dnim oblastima prakse u sektoru energetike, omogu\u0107avaju\u0107i da na\u0161im klijentima pru\u017eimo potpun raspon sveobuhvatnih pravnih usluga i informi\u0161emo o najnovijim trendovima u energetici. Neprestano pratimo geopoliti\u010dku situaciju i aktivno u\u010destvujemo u evoluciji sektora energetike u Republici Srbiji.<\/p>\t\t\t\t\t\t\t\t<\/div>\n\t\t\t\t<\/div>\n\t\t\t\t<div class=\"elementor-element elementor-element-f28683e elementor-widget elementor-widget-button\" data-id=\"f28683e\" data-element_type=\"widget\" data-widget_type=\"button.default\">\n\t\t\t\t<div class=\"elementor-widget-container\">\n\t\t\t\t\t\t\t\t\t<div class=\"elementor-button-wrapper\">\n\t\t\t\t\t<a class=\"elementor-button elementor-button-link elementor-size-sm\" href=\"https:\/\/hanzekdeliclaw.com\/sr\/contact\/\">\n\t\t\t\t\t\t<span class=\"elementor-button-content-wrapper\">\n\t\t\t\t\t\t\t\t\t<span class=\"elementor-button-text\">zapo\u010dnite<\/span>\n\t\t\t\t\t<\/span>\n\t\t\t\t\t<\/a>\n\t\t\t\t<\/div>\n\t\t\t\t\t\t\t\t<\/div>\n\t\t\t\t<\/div>\n\t\t\t\t\t<\/div>\n\t\t<\/div>\n\t\t\t\t<div class=\"elementor-column elementor-col-50 elementor-top-column elementor-element elementor-element-8f02d5e\" data-id=\"8f02d5e\" data-element_type=\"column\">\n\t\t\t<div class=\"elementor-widget-wrap elementor-element-populated\">\n\t\t\t\t\t\t<div class=\"elementor-element elementor-element-6f780a2 elementor-widget elementor-widget-image\" data-id=\"6f780a2\" data-element_type=\"widget\" data-widget_type=\"image.default\">\n\t\t\t\t<div class=\"elementor-widget-container\">\n\t\t\t\t\t\t\t\t\t\t\t\t\t\t\t<img fetchpriority=\"high\" decoding=\"async\" width=\"2560\" height=\"1707\" src=\"https:\/\/hanzekdeliclaw.com\/wp-content\/uploads\/2023\/10\/Energy-_-Infrastructure-scaled.jpg\" class=\"attachment-full size-full wp-image-2033\" alt=\"\" srcset=\"https:\/\/hanzekdeliclaw.com\/wp-content\/uploads\/2023\/10\/Energy-_-Infrastructure-scaled.jpg 2560w, https:\/\/hanzekdeliclaw.com\/wp-content\/uploads\/2023\/10\/Energy-_-Infrastructure-300x200.jpg 300w, https:\/\/hanzekdeliclaw.com\/wp-content\/uploads\/2023\/10\/Energy-_-Infrastructure-1024x683.jpg 1024w, https:\/\/hanzekdeliclaw.com\/wp-content\/uploads\/2023\/10\/Energy-_-Infrastructure-768x512.jpg 768w, https:\/\/hanzekdeliclaw.com\/wp-content\/uploads\/2023\/10\/Energy-_-Infrastructure-1536x1024.jpg 1536w, https:\/\/hanzekdeliclaw.com\/wp-content\/uploads\/2023\/10\/Energy-_-Infrastructure-2048x1365.jpg 2048w\" sizes=\"(max-width: 2560px) 100vw, 2560px\" \/>\t\t\t\t\t\t\t\t\t\t\t\t\t\t\t<\/div>\n\t\t\t\t<\/div>\n\t\t\t\t\t<\/div>\n\t\t<\/div>\n\t\t\t\t\t<\/div>\n\t\t<\/section>\n\t\t\t\t<section class=\"elementor-section elementor-top-section elementor-element elementor-element-c5b72d4 elementor-section-boxed elementor-section-height-default elementor-section-height-default wpr-particle-no wpr-jarallax-no wpr-parallax-no wpr-sticky-section-no wpr-equal-height-no\" data-id=\"c5b72d4\" data-element_type=\"section\" data-settings=\"{&quot;background_background&quot;:&quot;classic&quot;}\">\n\t\t\t\t\t\t<div class=\"elementor-container elementor-column-gap-no\">\n\t\t\t\t\t<div class=\"elementor-column elementor-col-100 elementor-top-column elementor-element elementor-element-293287c\" data-id=\"293287c\" data-element_type=\"column\">\n\t\t\t<div class=\"elementor-widget-wrap elementor-element-populated\">\n\t\t\t\t\t\t<div class=\"elementor-element elementor-element-28e5258 elementor-widget-divider--view-line elementor-widget elementor-widget-divider\" data-id=\"28e5258\" data-element_type=\"widget\" data-widget_type=\"divider.default\">\n\t\t\t\t<div class=\"elementor-widget-container\">\n\t\t\t\t\t\t\t<div class=\"elementor-divider\">\n\t\t\t<span class=\"elementor-divider-separator\">\n\t\t\t\t\t\t<\/span>\n\t\t<\/div>\n\t\t\t\t\t\t<\/div>\n\t\t\t\t<\/div>\n\t\t\t\t<div class=\"elementor-element elementor-element-702bd4e elementor-widget elementor-widget-text-editor\" data-id=\"702bd4e\" data-element_type=\"widget\" data-widget_type=\"text-editor.default\">\n\t\t\t\t<div class=\"elementor-widget-container\">\n\t\t\t\t\t\t\t\t\t<p>Na\u0161e pravne usluge obuhvataju:<\/p><ul><li>pomoc\u0301 u dobijanju rudarskih prava za ugljovodoni\u010dke mineralne resurse i rudarske ugovore;<\/li><li>pravnu reviziju, konkurentske tendere, sastavljanje, pregovaranje i validaciju ugovora o izgradnji, radu, kupovini energije i ugovora u energetici;<\/li><li>zastupanje na tr\u017ei\u0161tu energije pred nacionalnim sudovima u sporovima u vezi sa pravom prolaza i pravima usluga za podzemne cevi i vazdu\u0161ne dalekovode;<\/li><li>zastupanje na\u0161ih klijenata u prodaji, reorganizaciji, akviziciji i operacijama zajedni\u010dkog ulaganja, kako na nacionalnom, tako i na me\u0111unarodnom nivou;<\/li><li>pravnu pomoc\u0301 u sastavljanju i validaciji pravnih dokumenata za operacije zajedni\u010dkog ulaganja, akviziciju projekata obnovljive energije i projekata povla\u010denja iz upotrebe.<\/li><\/ul>\t\t\t\t\t\t\t\t<\/div>\n\t\t\t\t<\/div>\n\t\t\t\t\t<\/div>\n\t\t<\/div>\n\t\t\t\t\t<\/div>\n\t\t<\/section>\n\t\t\t\t<\/div>","protected":false},"excerpt":{"rendered":"<p>Energy &#038; Infrastructure Our professionals have expertise in all major practice areas in the energy sector, enabling us to provide our clients with a full range of comprehensive legal services and keep them up to date on the latest energy trends. We constantly monitor the geopolitical situation and play an active role in the evolution of the energy sector in the Republic of Serbia. Get Started Our legal services offered to the energy and infrastructure sector include: assistance in obtaining mining rights for hydrocarbon mineral resources and mining agreements; legal auditing, competitive bidding, drafting, negotiating and validating construction, operation, energy purchasing and energy savings companies contracts; representation of the energy market players before national courts in disputes regarding right-of-way and easements for underground pipelines and overhead transmission lines; representation of our clients in sale, reorganisation, acquisition and joint venture operations, both on a national and international scale; legal assistance in the drafting and validation of the legal documents for joint venture operations, acquisition of renewable energy and decommissioning projects.<\/p>","protected":false},"author":1,"featured_media":0,"parent":0,"menu_order":0,"comment_status":"closed","ping_status":"closed","template":"","meta":{"nf_dc_page":"","site-sidebar-layout":"no-sidebar","site-content-layout":"page-builder","ast-site-content-layout":"","site-content-style":"default","site-sidebar-style":"default","ast-global-header-display":"","ast-banner-title-visibility":"","ast-main-header-display":"","ast-hfb-above-header-display":"","ast-hfb-below-header-display":"","ast-hfb-mobile-header-display":"","site-post-title":"disabled","ast-breadcrumbs-content":"disabled","ast-featured-img":"disabled","footer-sml-layout":"","theme-transparent-header-meta":"enabled","adv-header-id-meta":"","stick-header-meta":"","header-above-stick-meta":"","header-main-stick-meta":"","header-below-stick-meta":"","astra-migrate-meta-layouts":"default","ast-page-background-enabled":"default","ast-page-background-meta":{"desktop":{"background-color":"","background-image":"","background-repeat":"repeat","background-position":"center center","background-size":"auto","background-attachment":"scroll","background-type":"","background-media":"","overlay-type":"","overlay-color":"","overlay-opacity":"","overlay-gradient":""},"tablet":{"background-color":"","background-image":"","background-repeat":"repeat","background-position":"center center","background-size":"auto","background-attachment":"scroll","background-type":"","background-media":"","overlay-type":"","overlay-color":"","overlay-opacity":"","overlay-gradient":""},"mobile":{"background-color":"","background-image":"","background-repeat":"repeat","background-position":"center center","background-size":"auto","background-attachment":"scroll","background-type":"","background-media":"","overlay-type":"","overlay-color":"","overlay-opacity":"","overlay-gradient":""}},"ast-content-background-meta":{"desktop":{"background-color":"var(--ast-global-color-5)","background-image":"","background-repeat":"repeat","background-position":"center center","background-size":"auto","background-attachment":"scroll","background-type":"","background-media":"","overlay-type":"","overlay-color":"","overlay-opacity":"","overlay-gradient":""},"tablet":{"background-color":"var(--ast-global-color-5)","background-image":"","background-repeat":"repeat","background-position":"center center","background-size":"auto","background-attachment":"scroll","background-type":"","background-media":"","overlay-type":"","overlay-color":"","overlay-opacity":"","overlay-gradient":""},"mobile":{"background-color":"var(--ast-global-color-5)","background-image":"","background-repeat":"repeat","background-position":"center center","background-size":"auto","background-attachment":"scroll","background-type":"","background-media":"","overlay-type":"","overlay-color":"","overlay-opacity":"","overlay-gradient":""}},"_themeisle_gutenberg_block_has_review":false,"footnotes":""},"class_list":["post-2013","page","type-page","status-publish","hentry"],"_links":{"self":[{"href":"https:\/\/hanzekdeliclaw.com\/sr\/wp-json\/wp\/v2\/pages\/2013","targetHints":{"allow":["GET"]}}],"collection":[{"href":"https:\/\/hanzekdeliclaw.com\/sr\/wp-json\/wp\/v2\/pages"}],"about":[{"href":"https:\/\/hanzekdeliclaw.com\/sr\/wp-json\/wp\/v2\/types\/page"}],"author":[{"embeddable":true,"href":"https:\/\/hanzekdeliclaw.com\/sr\/wp-json\/wp\/v2\/users\/1"}],"replies":[{"embeddable":true,"href":"https:\/\/hanzekdeliclaw.com\/sr\/wp-json\/wp\/v2\/comments?post=2013"}],"version-history":[{"count":5,"href":"https:\/\/hanzekdeliclaw.com\/sr\/wp-json\/wp\/v2\/pages\/2013\/revisions"}],"predecessor-version":[{"id":2041,"href":"https:\/\/hanzekdeliclaw.com\/sr\/wp-json\/wp\/v2\/pages\/2013\/revisions\/2041"}],"wp:attachment":[{"href":"https:\/\/hanzekdeliclaw.com\/sr\/wp-json\/wp\/v2\/media?parent=2013"}],"curies":[{"name":"wp","href":"https:\/\/api.w.org\/{rel}","templated":true}]}}