{"id":2061,"date":"2023-10-04T17:40:35","date_gmt":"2023-10-04T17:40:35","guid":{"rendered":"https:\/\/hanzekdeliclaw.com\/?page_id=2061"},"modified":"2023-10-08T21:56:02","modified_gmt":"2023-10-08T21:56:02","slug":"technology-media","status":"publish","type":"page","link":"https:\/\/hanzekdeliclaw.com\/sr\/technology-media\/","title":{"rendered":"Technology &#038; Media"},"content":{"rendered":"<div data-elementor-type=\"wp-page\" data-elementor-id=\"2061\" class=\"elementor elementor-2061\">\n\t\t\t\t\t\t<section class=\"elementor-section elementor-top-section elementor-element elementor-element-3441189 elementor-section-height-min-height elementor-section-boxed elementor-section-height-default elementor-section-items-middle wpr-particle-no wpr-jarallax-no wpr-parallax-no wpr-sticky-section-no wpr-equal-height-no\" data-id=\"3441189\" data-element_type=\"section\" data-settings=\"{&quot;background_background&quot;:&quot;classic&quot;}\">\n\t\t\t\t\t\t\t<div class=\"elementor-background-overlay\"><\/div>\n\t\t\t\t\t\t\t<div class=\"elementor-container elementor-column-gap-no\">\n\t\t\t\t\t<div class=\"elementor-column elementor-col-100 elementor-top-column elementor-element elementor-element-6c92fa4\" data-id=\"6c92fa4\" data-element_type=\"column\">\n\t\t\t<div class=\"elementor-widget-wrap elementor-element-populated\">\n\t\t\t\t\t\t<div class=\"elementor-element elementor-element-fed7674 elementor-widget-divider--view-line elementor-widget elementor-widget-divider\" data-id=\"fed7674\" data-element_type=\"widget\" data-widget_type=\"divider.default\">\n\t\t\t\t<div class=\"elementor-widget-container\">\n\t\t\t\t\t\t\t<div class=\"elementor-divider\">\n\t\t\t<span class=\"elementor-divider-separator\">\n\t\t\t\t\t\t<\/span>\n\t\t<\/div>\n\t\t\t\t\t\t<\/div>\n\t\t\t\t<\/div>\n\t\t\t\t<div class=\"elementor-element elementor-element-5f4ca79 elementor-widget elementor-widget-heading\" data-id=\"5f4ca79\" data-element_type=\"widget\" data-widget_type=\"heading.default\">\n\t\t\t\t<div class=\"elementor-widget-container\">\n\t\t\t\t\t<h1 class=\"elementor-heading-title elementor-size-default\">Technology &amp; Media<\/h1>\t\t\t\t<\/div>\n\t\t\t\t<\/div>\n\t\t\t\t\t<\/div>\n\t\t<\/div>\n\t\t\t\t\t<\/div>\n\t\t<\/section>\n\t\t\t\t<section class=\"elementor-section elementor-top-section elementor-element elementor-element-7f5e9d7 elementor-section-content-middle elementor-section-boxed elementor-section-height-default elementor-section-height-default wpr-particle-no wpr-jarallax-no wpr-parallax-no wpr-sticky-section-no wpr-equal-height-no\" data-id=\"7f5e9d7\" data-element_type=\"section\" data-settings=\"{&quot;background_background&quot;:&quot;classic&quot;}\">\n\t\t\t\t\t\t<div class=\"elementor-container elementor-column-gap-no\">\n\t\t\t\t\t<div class=\"elementor-column elementor-col-50 elementor-top-column elementor-element elementor-element-6d2f1b1\" data-id=\"6d2f1b1\" data-element_type=\"column\">\n\t\t\t<div class=\"elementor-widget-wrap elementor-element-populated\">\n\t\t\t\t\t\t<div class=\"elementor-element elementor-element-89e5ab3 elementor-widget-divider--view-line elementor-widget elementor-widget-divider\" data-id=\"89e5ab3\" data-element_type=\"widget\" data-widget_type=\"divider.default\">\n\t\t\t\t<div class=\"elementor-widget-container\">\n\t\t\t\t\t\t\t<div class=\"elementor-divider\">\n\t\t\t<span class=\"elementor-divider-separator\">\n\t\t\t\t\t\t<\/span>\n\t\t<\/div>\n\t\t\t\t\t\t<\/div>\n\t\t\t\t<\/div>\n\t\t\t\t<div class=\"elementor-element elementor-element-8c9c92d elementor-widget elementor-widget-text-editor\" data-id=\"8c9c92d\" data-element_type=\"widget\" data-widget_type=\"text-editor.default\">\n\t\t\t\t<div class=\"elementor-widget-container\">\n\t\t\t\t\t\t\t\t\t<p>Na\u0161i advokati predstavljaju vodec\u0301e stru\u010dnjake na tr\u017ei\u0161tu, isti\u010duc\u0301i se svojim znanjem i inventivno\u0161c\u0301u u re\u0161avanju problema. Njihova sposobnost konceptualizacije novih pravnih usluga u digitalnoj ekonomiji pokazala se izuzetno vrednom.<\/p>\t\t\t\t\t\t\t\t<\/div>\n\t\t\t\t<\/div>\n\t\t\t\t<div class=\"elementor-element elementor-element-f28683e elementor-widget elementor-widget-button\" data-id=\"f28683e\" data-element_type=\"widget\" data-widget_type=\"button.default\">\n\t\t\t\t<div class=\"elementor-widget-container\">\n\t\t\t\t\t\t\t\t\t<div class=\"elementor-button-wrapper\">\n\t\t\t\t\t<a class=\"elementor-button elementor-button-link elementor-size-sm\" href=\"https:\/\/hanzekdeliclaw.com\/sr\/contact\/\">\n\t\t\t\t\t\t<span class=\"elementor-button-content-wrapper\">\n\t\t\t\t\t\t\t\t\t<span class=\"elementor-button-text\">zapo\u010dnite<\/span>\n\t\t\t\t\t<\/span>\n\t\t\t\t\t<\/a>\n\t\t\t\t<\/div>\n\t\t\t\t\t\t\t\t<\/div>\n\t\t\t\t<\/div>\n\t\t\t\t\t<\/div>\n\t\t<\/div>\n\t\t\t\t<div class=\"elementor-column elementor-col-50 elementor-top-column elementor-element elementor-element-8f02d5e\" data-id=\"8f02d5e\" data-element_type=\"column\">\n\t\t\t<div class=\"elementor-widget-wrap elementor-element-populated\">\n\t\t\t\t\t\t<div class=\"elementor-element elementor-element-6f780a2 elementor-widget elementor-widget-image\" data-id=\"6f780a2\" data-element_type=\"widget\" data-widget_type=\"image.default\">\n\t\t\t\t<div class=\"elementor-widget-container\">\n\t\t\t\t\t\t\t\t\t\t\t\t\t\t\t<img fetchpriority=\"high\" decoding=\"async\" width=\"2560\" height=\"1707\" src=\"https:\/\/hanzekdeliclaw.com\/wp-content\/uploads\/2023\/10\/pexels-wallace-chuck-7796509-scaled.jpg\" class=\"attachment-full size-full wp-image-2367\" alt=\"\" srcset=\"https:\/\/hanzekdeliclaw.com\/wp-content\/uploads\/2023\/10\/pexels-wallace-chuck-7796509-scaled.jpg 2560w, https:\/\/hanzekdeliclaw.com\/wp-content\/uploads\/2023\/10\/pexels-wallace-chuck-7796509-300x200.jpg 300w, https:\/\/hanzekdeliclaw.com\/wp-content\/uploads\/2023\/10\/pexels-wallace-chuck-7796509-1024x683.jpg 1024w, https:\/\/hanzekdeliclaw.com\/wp-content\/uploads\/2023\/10\/pexels-wallace-chuck-7796509-768x512.jpg 768w, https:\/\/hanzekdeliclaw.com\/wp-content\/uploads\/2023\/10\/pexels-wallace-chuck-7796509-1536x1024.jpg 1536w, https:\/\/hanzekdeliclaw.com\/wp-content\/uploads\/2023\/10\/pexels-wallace-chuck-7796509-2048x1365.jpg 2048w\" sizes=\"(max-width: 2560px) 100vw, 2560px\" \/>\t\t\t\t\t\t\t\t\t\t\t\t\t\t\t<\/div>\n\t\t\t\t<\/div>\n\t\t\t\t\t<\/div>\n\t\t<\/div>\n\t\t\t\t\t<\/div>\n\t\t<\/section>\n\t\t\t\t<section class=\"elementor-section elementor-top-section elementor-element elementor-element-c5b72d4 elementor-section-boxed elementor-section-height-default elementor-section-height-default wpr-particle-no wpr-jarallax-no wpr-parallax-no wpr-sticky-section-no wpr-equal-height-no\" data-id=\"c5b72d4\" data-element_type=\"section\" data-settings=\"{&quot;background_background&quot;:&quot;classic&quot;}\">\n\t\t\t\t\t\t<div class=\"elementor-container elementor-column-gap-no\">\n\t\t\t\t\t<div class=\"elementor-column elementor-col-100 elementor-top-column elementor-element elementor-element-293287c\" data-id=\"293287c\" data-element_type=\"column\">\n\t\t\t<div class=\"elementor-widget-wrap elementor-element-populated\">\n\t\t\t\t\t\t<div class=\"elementor-element elementor-element-28e5258 elementor-widget-divider--view-line elementor-widget elementor-widget-divider\" data-id=\"28e5258\" data-element_type=\"widget\" data-widget_type=\"divider.default\">\n\t\t\t\t<div class=\"elementor-widget-container\">\n\t\t\t\t\t\t\t<div class=\"elementor-divider\">\n\t\t\t<span class=\"elementor-divider-separator\">\n\t\t\t\t\t\t<\/span>\n\t\t<\/div>\n\t\t\t\t\t\t<\/div>\n\t\t\t\t<\/div>\n\t\t\t\t<div class=\"elementor-element elementor-element-702bd4e elementor-widget elementor-widget-text-editor\" data-id=\"702bd4e\" data-element_type=\"widget\" data-widget_type=\"text-editor.default\">\n\t\t\t\t<div class=\"elementor-widget-container\">\n\t\t\t\t\t\t\t\t\t<p><strong>Finansijska Tehnologija (FinTech)<\/strong><\/p><p>Spajajuc\u0301i duboko poznavanje finansijskih regulativa i tehnolo\u0161ke ekspertize, pru\u017eamo inovativna pravna re\u0161enja prilago\u0111ena potrebama svakog zainteresovanog subjekta u sektoru FinTech. To uklju\u010duje finansijske institucije, FinTech startape, venture kapitaliste, privatne ekviti firme i tehnolo\u0161ke kompanije. Fokusiramo se na pomoc\u0301 klijentima u snala\u017eenju kroz licenciranje i regulative procese, sprovo\u0111enje dubinskih analiza novih startapa, pomoc\u0301 u izgradnji veza sa FinTech laboratorijama tradicionalnih banaka, kao i olak\u0161avanje i pripremu za prezentacije i sastanke sa regulatorima radi pristupa finansiranju i prezentaciji proizvoda.<\/p><p><strong>Telekomunikaciona konkurencija i regulativa<\/strong><\/p><p>Ostajemo stalno anga\u017eovani u vezi sa razli\u010ditim regionalnim regulatorima telekomunikacija u pitanjima uskla\u0111enosti sa regulativama i bili smo anga\u017eovani kako od regulatora tako i od glavnih aktera u oblasti telekomunikacija.<\/p><p>Upravljali smo razli\u010ditim telekomunikacionim regulatornim podnescima za na\u0161e klijente, uklju\u010dujuc\u0301i u\u010de\u0161c\u0301e brojnih pru\u017ealaca usluga telekomunikacija i proizvo\u0111a\u010da opreme u osiguravanju telekomunikacionog regulatornog odobrenja.<\/p><p><strong>Nabavka<\/strong><\/p><p>Na\u0161e \u0161iroko iskustvo i duboko znanje omoguc\u0301avaju nam da pomognemo brojnim IT organizacijama u Srbiji u sastavljanju i pregovaranju o slo\u017eenim ugovorima o nabavci  zasnovanim na modelima deljenih usluga, outsourcinga i PPP-a. Tako\u0111e smo postavljali standarde kao pioniri u izradi razli\u010ditih struktura ugovora o ra\u010dunarstvu u cloud-u, kako sa perspektive prodavca, tako i sa perspektive potro\u0161a\u010da.<\/p><p><strong>Digitalni Mediji \u2013 nabavka i regulativa<\/strong><\/p><p>U\u010destvovali smo u zna\u010dajnim pitanjima licenciranja sadr\u017eaja i digitalnih medija. Poma\u017eemo na\u0161im klijentima u pitanjima nabavke sadr\u017eaja, kao \u0161to su sastavljanje i pregovaranje o ugovorima o licenciranju i distribuciji sadr\u017eaja. Tako\u0111e poma\u017eemo u podno\u0161enju zastupanja regulatornih tela u Srbiji i drugim regionalnim regulatorima medija u ime na\u0161ih medijskih klijenata u vezi sa obezbe\u0111ivanjem potrebnih zakonskih prava za emitovanje, licenciranje ili distribuciju svih oblika medija, kako filmskih tako i digitalnih, u Srbiji.<\/p><p><strong>E-trgovina<\/strong><\/p><p>Poma\u017eemo organizacijama da se suo\u010de sa pravnim izazovima pokretanja ili vo\u0111enja svojih platformi i ponude elektronske trgovine, uklju\u010dujuc\u0301i savete i pru\u017eanje odgovarajuc\u0301ih uslova i odredbi, politiku privatnosti, snala\u017eenje u pitanjima intelektualne svojine, sadr\u017eaja, za\u0161tite potro\u0161a\u010da i za\u0161tite podataka.<\/p>\t\t\t\t\t\t\t\t<\/div>\n\t\t\t\t<\/div>\n\t\t\t\t\t<\/div>\n\t\t<\/div>\n\t\t\t\t\t<\/div>\n\t\t<\/section>\n\t\t\t\t<\/div>","protected":false},"excerpt":{"rendered":"<p>Technology &#038; Media Our partners in this practice are highly specialised in this area and lead the market with their expertise, ingenuity and problem solving acuity. They have a penchant for conceptualising new legal services in this area, which have proven to be of immense value to organisations as they navigate the digital economy. Get Started Financial Technology (FinTech) Combining the deep knowledge of our financial regulatory and technology expertise, we provide innovative legal solutions that are tailored to the needs of every stakeholder in the FinTech sector; these include financial institutions, FinTech startups, venture capitalists and private equity firms and technology companies, among others. Areas of focus include assisting clients on navigating the licensing and regulatory landscape, conducting due diligence on new startups, assisting in building bridges with traditional banks\u2019 FinTech labs as well as facilitating and preparing for presentations and meetings with regulators to access funding and product showcase. Telecommunications Competition and Regulatory We stay constantly engaged with various regional telecommunications regulators on regulatory compliance matters and have been engaged both by the regulators and by the telecommunications principals in this area of work. We have managed various telecommunications regulatory submissions for our clients including engagements by numerous telecommunications service providers and equipment manufacturers to secure telecommunications regulatory clearance. Information Technology Procurement Our broad experience and in-depth knowledge has enabled us to help numerous IT organisations in Serbia in drafting and negotiating complex IT procurement contracts based on shared services, outsourcing and PPP models. We have also been setting the benchmark as pioneer draftsmen for various cloud computing contract structures both from a vendor and a consumer perspective. Digital Media \u2013 Procurement and Regulatory We have been involved in major content licensing and digital media matters. We assist our clients in content procurement matters such as in the drafting and negotiating of content license and distribution agreements. We further assist in submitting representation to the regulatory bodies in Serbia and other regional media regulators on behalf of our media clients pertaining to securing the necessary statutory right to broadcast, license or distribute all forms of media both film based and digital in the Serbia. E-commerce We assist organisations in handling the legal challenges of launching or operating their e-commerce platforms and offerings, including advising and providing appropriate terms and conditions, privacy policy, navigating issues related to intellectual property, content, consumer protection, data protection.<\/p>","protected":false},"author":1,"featured_media":0,"parent":0,"menu_order":0,"comment_status":"closed","ping_status":"closed","template":"","meta":{"nf_dc_page":"","site-sidebar-layout":"no-sidebar","site-content-layout":"page-builder","ast-site-content-layout":"full-width-container","site-content-style":"unboxed","site-sidebar-style":"unboxed","ast-global-header-display":"","ast-banner-title-visibility":"","ast-main-header-display":"","ast-hfb-above-header-display":"","ast-hfb-below-header-display":"","ast-hfb-mobile-header-display":"","site-post-title":"disabled","ast-breadcrumbs-content":"disabled","ast-featured-img":"disabled","footer-sml-layout":"","theme-transparent-header-meta":"enabled","adv-header-id-meta":"","stick-header-meta":"","header-above-stick-meta":"","header-main-stick-meta":"","header-below-stick-meta":"","astra-migrate-meta-layouts":"set","ast-page-background-enabled":"default","ast-page-background-meta":{"desktop":{"background-color":"","background-image":"","background-repeat":"repeat","background-position":"center center","background-size":"auto","background-attachment":"scroll","background-type":"","background-media":"","overlay-type":"","overlay-color":"","overlay-opacity":"","overlay-gradient":""},"tablet":{"background-color":"","background-image":"","background-repeat":"repeat","background-position":"center center","background-size":"auto","background-attachment":"scroll","background-type":"","background-media":"","overlay-type":"","overlay-color":"","overlay-opacity":"","overlay-gradient":""},"mobile":{"background-color":"","background-image":"","background-repeat":"repeat","background-position":"center center","background-size":"auto","background-attachment":"scroll","background-type":"","background-media":"","overlay-type":"","overlay-color":"","overlay-opacity":"","overlay-gradient":""}},"ast-content-background-meta":{"desktop":{"background-color":"var(--ast-global-color-5)","background-image":"","background-repeat":"repeat","background-position":"center center","background-size":"auto","background-attachment":"scroll","background-type":"","background-media":"","overlay-type":"","overlay-color":"","overlay-opacity":"","overlay-gradient":""},"tablet":{"background-color":"var(--ast-global-color-5)","background-image":"","background-repeat":"repeat","background-position":"center center","background-size":"auto","background-attachment":"scroll","background-type":"","background-media":"","overlay-type":"","overlay-color":"","overlay-opacity":"","overlay-gradient":""},"mobile":{"background-color":"var(--ast-global-color-5)","background-image":"","background-repeat":"repeat","background-position":"center center","background-size":"auto","background-attachment":"scroll","background-type":"","background-media":"","overlay-type":"","overlay-color":"","overlay-opacity":"","overlay-gradient":""}},"_themeisle_gutenberg_block_has_review":false,"footnotes":""},"class_list":["post-2061","page","type-page","status-publish","hentry"],"_links":{"self":[{"href":"https:\/\/hanzekdeliclaw.com\/sr\/wp-json\/wp\/v2\/pages\/2061","targetHints":{"allow":["GET"]}}],"collection":[{"href":"https:\/\/hanzekdeliclaw.com\/sr\/wp-json\/wp\/v2\/pages"}],"about":[{"href":"https:\/\/hanzekdeliclaw.com\/sr\/wp-json\/wp\/v2\/types\/page"}],"author":[{"embeddable":true,"href":"https:\/\/hanzekdeliclaw.com\/sr\/wp-json\/wp\/v2\/users\/1"}],"replies":[{"embeddable":true,"href":"https:\/\/hanzekdeliclaw.com\/sr\/wp-json\/wp\/v2\/comments?post=2061"}],"version-history":[{"count":5,"href":"https:\/\/hanzekdeliclaw.com\/sr\/wp-json\/wp\/v2\/pages\/2061\/revisions"}],"predecessor-version":[{"id":2371,"href":"https:\/\/hanzekdeliclaw.com\/sr\/wp-json\/wp\/v2\/pages\/2061\/revisions\/2371"}],"wp:attachment":[{"href":"https:\/\/hanzekdeliclaw.com\/sr\/wp-json\/wp\/v2\/media?parent=2061"}],"curies":[{"name":"wp","href":"https:\/\/api.w.org\/{rel}","templated":true}]}}