{"id":2069,"date":"2023-10-04T17:45:37","date_gmt":"2023-10-04T17:45:37","guid":{"rendered":"https:\/\/hanzekdeliclaw.com\/?page_id=2069"},"modified":"2023-10-08T21:51:27","modified_gmt":"2023-10-08T21:51:27","slug":"tax","status":"publish","type":"page","link":"https:\/\/hanzekdeliclaw.com\/sr\/tax\/","title":{"rendered":"Porezi"},"content":{"rendered":"<div data-elementor-type=\"wp-page\" data-elementor-id=\"2069\" class=\"elementor elementor-2069\">\n\t\t\t\t\t\t<section class=\"elementor-section elementor-top-section elementor-element elementor-element-3441189 elementor-section-height-min-height elementor-section-boxed elementor-section-height-default elementor-section-items-middle wpr-particle-no wpr-jarallax-no wpr-parallax-no wpr-sticky-section-no wpr-equal-height-no\" data-id=\"3441189\" data-element_type=\"section\" data-settings=\"{&quot;background_background&quot;:&quot;classic&quot;}\">\n\t\t\t\t\t\t\t<div class=\"elementor-background-overlay\"><\/div>\n\t\t\t\t\t\t\t<div class=\"elementor-container elementor-column-gap-no\">\n\t\t\t\t\t<div class=\"elementor-column elementor-col-100 elementor-top-column elementor-element elementor-element-6c92fa4\" data-id=\"6c92fa4\" data-element_type=\"column\">\n\t\t\t<div class=\"elementor-widget-wrap elementor-element-populated\">\n\t\t\t\t\t\t<div class=\"elementor-element elementor-element-fed7674 elementor-widget-divider--view-line elementor-widget elementor-widget-divider\" data-id=\"fed7674\" data-element_type=\"widget\" data-widget_type=\"divider.default\">\n\t\t\t\t<div class=\"elementor-widget-container\">\n\t\t\t\t\t\t\t<div class=\"elementor-divider\">\n\t\t\t<span class=\"elementor-divider-separator\">\n\t\t\t\t\t\t<\/span>\n\t\t<\/div>\n\t\t\t\t\t\t<\/div>\n\t\t\t\t<\/div>\n\t\t\t\t<div class=\"elementor-element elementor-element-5f4ca79 elementor-widget elementor-widget-heading\" data-id=\"5f4ca79\" data-element_type=\"widget\" data-widget_type=\"heading.default\">\n\t\t\t\t<div class=\"elementor-widget-container\">\n\t\t\t\t\t<h1 class=\"elementor-heading-title elementor-size-default\">Porezi<\/h1>\t\t\t\t<\/div>\n\t\t\t\t<\/div>\n\t\t\t\t\t<\/div>\n\t\t<\/div>\n\t\t\t\t\t<\/div>\n\t\t<\/section>\n\t\t\t\t<section class=\"elementor-section elementor-top-section elementor-element elementor-element-7f5e9d7 elementor-section-content-middle elementor-section-boxed elementor-section-height-default elementor-section-height-default wpr-particle-no wpr-jarallax-no wpr-parallax-no wpr-sticky-section-no wpr-equal-height-no\" data-id=\"7f5e9d7\" data-element_type=\"section\" data-settings=\"{&quot;background_background&quot;:&quot;classic&quot;}\">\n\t\t\t\t\t\t<div class=\"elementor-container elementor-column-gap-no\">\n\t\t\t\t\t<div class=\"elementor-column elementor-col-50 elementor-top-column elementor-element elementor-element-6d2f1b1\" data-id=\"6d2f1b1\" data-element_type=\"column\">\n\t\t\t<div class=\"elementor-widget-wrap elementor-element-populated\">\n\t\t\t\t\t\t<div class=\"elementor-element elementor-element-89e5ab3 elementor-widget-divider--view-line elementor-widget elementor-widget-divider\" data-id=\"89e5ab3\" data-element_type=\"widget\" data-widget_type=\"divider.default\">\n\t\t\t\t<div class=\"elementor-widget-container\">\n\t\t\t\t\t\t\t<div class=\"elementor-divider\">\n\t\t\t<span class=\"elementor-divider-separator\">\n\t\t\t\t\t\t<\/span>\n\t\t<\/div>\n\t\t\t\t\t\t<\/div>\n\t\t\t\t<\/div>\n\t\t\t\t<div class=\"elementor-element elementor-element-8c9c92d elementor-widget elementor-widget-text-editor\" data-id=\"8c9c92d\" data-element_type=\"widget\" data-widget_type=\"text-editor.default\">\n\t\t\t\t<div class=\"elementor-widget-container\">\n\t\t\t\t\t\t\t\t\t<p>Kako poreski propisi postaju sve slo\u017eeniji, pridr\u017eavanje istim postaje jo\u0161 va\u017enije. Fizi\u010dkim licima i preduzec\u0301ima potrebni su specijalizovani poreski savetnici koji c\u0301e pru\u017eiti savete, ponuditi re\u0161enja i, u nekim slu\u010dajevima, reagovati na promene koje donose poreska zakonodavstva i ugovori.<\/p>\t\t\t\t\t\t\t\t<\/div>\n\t\t\t\t<\/div>\n\t\t\t\t<div class=\"elementor-element elementor-element-f28683e elementor-widget elementor-widget-button\" data-id=\"f28683e\" data-element_type=\"widget\" data-widget_type=\"button.default\">\n\t\t\t\t<div class=\"elementor-widget-container\">\n\t\t\t\t\t\t\t\t\t<div class=\"elementor-button-wrapper\">\n\t\t\t\t\t<a class=\"elementor-button elementor-button-link elementor-size-sm\" href=\"https:\/\/hanzekdeliclaw.com\/sr\/contact\/\">\n\t\t\t\t\t\t<span class=\"elementor-button-content-wrapper\">\n\t\t\t\t\t\t\t\t\t<span class=\"elementor-button-text\">zapo\u010dnite<\/span>\n\t\t\t\t\t<\/span>\n\t\t\t\t\t<\/a>\n\t\t\t\t<\/div>\n\t\t\t\t\t\t\t\t<\/div>\n\t\t\t\t<\/div>\n\t\t\t\t\t<\/div>\n\t\t<\/div>\n\t\t\t\t<div class=\"elementor-column elementor-col-50 elementor-top-column elementor-element elementor-element-8f02d5e\" data-id=\"8f02d5e\" data-element_type=\"column\">\n\t\t\t<div class=\"elementor-widget-wrap elementor-element-populated\">\n\t\t\t\t\t\t<div class=\"elementor-element elementor-element-6f780a2 elementor-widget elementor-widget-image\" data-id=\"6f780a2\" data-element_type=\"widget\" data-widget_type=\"image.default\">\n\t\t\t\t<div class=\"elementor-widget-container\">\n\t\t\t\t\t\t\t\t\t\t\t\t\t\t\t<img fetchpriority=\"high\" decoding=\"async\" width=\"2560\" height=\"1707\" src=\"https:\/\/hanzekdeliclaw.com\/wp-content\/uploads\/2023\/10\/Banking-_-Finance-scaled.jpg\" class=\"attachment-full size-full wp-image-1932\" alt=\"\" srcset=\"https:\/\/hanzekdeliclaw.com\/wp-content\/uploads\/2023\/10\/Banking-_-Finance-scaled.jpg 2560w, https:\/\/hanzekdeliclaw.com\/wp-content\/uploads\/2023\/10\/Banking-_-Finance-300x200.jpg 300w, https:\/\/hanzekdeliclaw.com\/wp-content\/uploads\/2023\/10\/Banking-_-Finance-1024x683.jpg 1024w, https:\/\/hanzekdeliclaw.com\/wp-content\/uploads\/2023\/10\/Banking-_-Finance-768x512.jpg 768w, https:\/\/hanzekdeliclaw.com\/wp-content\/uploads\/2023\/10\/Banking-_-Finance-1536x1024.jpg 1536w, https:\/\/hanzekdeliclaw.com\/wp-content\/uploads\/2023\/10\/Banking-_-Finance-2048x1365.jpg 2048w\" sizes=\"(max-width: 2560px) 100vw, 2560px\" \/>\t\t\t\t\t\t\t\t\t\t\t\t\t\t\t<\/div>\n\t\t\t\t<\/div>\n\t\t\t\t\t<\/div>\n\t\t<\/div>\n\t\t\t\t\t<\/div>\n\t\t<\/section>\n\t\t\t\t<section class=\"elementor-section elementor-top-section elementor-element elementor-element-c5b72d4 elementor-section-boxed elementor-section-height-default elementor-section-height-default wpr-particle-no wpr-jarallax-no wpr-parallax-no wpr-sticky-section-no wpr-equal-height-no\" data-id=\"c5b72d4\" data-element_type=\"section\" data-settings=\"{&quot;background_background&quot;:&quot;classic&quot;}\">\n\t\t\t\t\t\t<div class=\"elementor-container elementor-column-gap-no\">\n\t\t\t\t\t<div class=\"elementor-column elementor-col-100 elementor-top-column elementor-element elementor-element-293287c\" data-id=\"293287c\" data-element_type=\"column\">\n\t\t\t<div class=\"elementor-widget-wrap elementor-element-populated\">\n\t\t\t\t\t\t<div class=\"elementor-element elementor-element-28e5258 elementor-widget-divider--view-line elementor-widget elementor-widget-divider\" data-id=\"28e5258\" data-element_type=\"widget\" data-widget_type=\"divider.default\">\n\t\t\t\t<div class=\"elementor-widget-container\">\n\t\t\t\t\t\t\t<div class=\"elementor-divider\">\n\t\t\t<span class=\"elementor-divider-separator\">\n\t\t\t\t\t\t<\/span>\n\t\t<\/div>\n\t\t\t\t\t\t<\/div>\n\t\t\t\t<\/div>\n\t\t\t\t<div class=\"elementor-element elementor-element-702bd4e elementor-widget elementor-widget-text-editor\" data-id=\"702bd4e\" data-element_type=\"widget\" data-widget_type=\"text-editor.default\">\n\t\t\t\t<div class=\"elementor-widget-container\">\n\t\t\t\t\t\t\t\t\t<p>Na\u0161i stru\u010dni poreski tim \u010dine advokati iz razli\u010ditih pravnih oblasti unutar firme, svaki sa sopstvenim stru\u010dnostima kako bi pru\u017eili savete klijentima na razli\u010dite na\u010dine, uklju\u010dujuc\u0301i:<\/p><ul><li>Uskla\u0111enost, izve\u0161tavanje i obelodanjivanje<\/li><li>Sporne poreske procese<\/li><li>Poresko planiranje i savete u vezi sa poslovnim delovanjem<\/li><li>Korporativne procese, uklju\u010dujuc\u0301i spajanje i akvizicije, restrukturiranje i ugovore<\/li><li>Savete o nekretninama, uklju\u010dujuc\u0301i strukturiranje i savete o slobodnom dr\u017eavnom vlasni\u0161tvu, kupovinu i pitanja razvoja<\/li><li>Savete za privatne klijente koji obuhvataju poreski status pojedinaca, poresko planiranje porodice sa pravima u razli\u010ditim jurisdikcijama ili trastovima, te vr\u0161imo efikasno poresko strukturiranje<\/li><li>Poreske savete pre i posle imigracije za pojedince, uklju\u010dujuc\u0301i prenos li\u010dne imovine u Republiku Srbiju<\/li><\/ul><p>\u00a0<\/p>\t\t\t\t\t\t\t\t<\/div>\n\t\t\t\t<\/div>\n\t\t\t\t\t<\/div>\n\t\t<\/div>\n\t\t\t\t\t<\/div>\n\t\t<\/section>\n\t\t\t\t<\/div>","protected":false},"excerpt":{"rendered":"<p>Tax As tax laws becomes increasingly complicated, compliance becomes ever more pertinent. Individuals and businesses need specialist tax advisors to provide advice, offer solutions, and in some instances, react to changes brought about by enhanced or revised tax legislation and treaties. Get Started Our specialist tax team is made up of lawyers from a number of practice areas across the firm, each bringing their own expertise to advise clients in a number of ways, including: Compliance, reporting and disclosure. Contentious tax matters. Tax planning and advice in relation to business assets. Corporate and commercial matters, including mergers &amp; acquisitions, restructurings and contracts. Real estate advice, including structuring and advising on freehold, leasehold and development matters. Private client advice, including the tax residence status of individuals, estate planning for families with interests in multiple jurisdictions and for those with existing trusts or other tax efficient structures already in place. Pre and post immigration tax advice for individuals including the movement of personal goods to the Republic of Serbia.<\/p>","protected":false},"author":1,"featured_media":0,"parent":0,"menu_order":0,"comment_status":"closed","ping_status":"closed","template":"","meta":{"nf_dc_page":"","site-sidebar-layout":"no-sidebar","site-content-layout":"page-builder","ast-site-content-layout":"full-width-container","site-content-style":"unboxed","site-sidebar-style":"unboxed","ast-global-header-display":"","ast-banner-title-visibility":"","ast-main-header-display":"","ast-hfb-above-header-display":"","ast-hfb-below-header-display":"","ast-hfb-mobile-header-display":"","site-post-title":"disabled","ast-breadcrumbs-content":"disabled","ast-featured-img":"disabled","footer-sml-layout":"","theme-transparent-header-meta":"enabled","adv-header-id-meta":"","stick-header-meta":"","header-above-stick-meta":"","header-main-stick-meta":"","header-below-stick-meta":"","astra-migrate-meta-layouts":"set","ast-page-background-enabled":"default","ast-page-background-meta":{"desktop":{"background-color":"","background-image":"","background-repeat":"repeat","background-position":"center center","background-size":"auto","background-attachment":"scroll","background-type":"","background-media":"","overlay-type":"","overlay-color":"","overlay-opacity":"","overlay-gradient":""},"tablet":{"background-color":"","background-image":"","background-repeat":"repeat","background-position":"center center","background-size":"auto","background-attachment":"scroll","background-type":"","background-media":"","overlay-type":"","overlay-color":"","overlay-opacity":"","overlay-gradient":""},"mobile":{"background-color":"","background-image":"","background-repeat":"repeat","background-position":"center center","background-size":"auto","background-attachment":"scroll","background-type":"","background-media":"","overlay-type":"","overlay-color":"","overlay-opacity":"","overlay-gradient":""}},"ast-content-background-meta":{"desktop":{"background-color":"var(--ast-global-color-5)","background-image":"","background-repeat":"repeat","background-position":"center center","background-size":"auto","background-attachment":"scroll","background-type":"","background-media":"","overlay-type":"","overlay-color":"","overlay-opacity":"","overlay-gradient":""},"tablet":{"background-color":"var(--ast-global-color-5)","background-image":"","background-repeat":"repeat","background-position":"center center","background-size":"auto","background-attachment":"scroll","background-type":"","background-media":"","overlay-type":"","overlay-color":"","overlay-opacity":"","overlay-gradient":""},"mobile":{"background-color":"var(--ast-global-color-5)","background-image":"","background-repeat":"repeat","background-position":"center center","background-size":"auto","background-attachment":"scroll","background-type":"","background-media":"","overlay-type":"","overlay-color":"","overlay-opacity":"","overlay-gradient":""}},"_themeisle_gutenberg_block_has_review":false,"footnotes":""},"class_list":["post-2069","page","type-page","status-publish","hentry"],"_links":{"self":[{"href":"https:\/\/hanzekdeliclaw.com\/sr\/wp-json\/wp\/v2\/pages\/2069","targetHints":{"allow":["GET"]}}],"collection":[{"href":"https:\/\/hanzekdeliclaw.com\/sr\/wp-json\/wp\/v2\/pages"}],"about":[{"href":"https:\/\/hanzekdeliclaw.com\/sr\/wp-json\/wp\/v2\/types\/page"}],"author":[{"embeddable":true,"href":"https:\/\/hanzekdeliclaw.com\/sr\/wp-json\/wp\/v2\/users\/1"}],"replies":[{"embeddable":true,"href":"https:\/\/hanzekdeliclaw.com\/sr\/wp-json\/wp\/v2\/comments?post=2069"}],"version-history":[{"count":5,"href":"https:\/\/hanzekdeliclaw.com\/sr\/wp-json\/wp\/v2\/pages\/2069\/revisions"}],"predecessor-version":[{"id":2366,"href":"https:\/\/hanzekdeliclaw.com\/sr\/wp-json\/wp\/v2\/pages\/2069\/revisions\/2366"}],"wp:attachment":[{"href":"https:\/\/hanzekdeliclaw.com\/sr\/wp-json\/wp\/v2\/media?parent=2069"}],"curies":[{"name":"wp","href":"https:\/\/api.w.org\/{rel}","templated":true}]}}